{"id":1175,"date":"2023-12-09T12:33:04","date_gmt":"2023-12-09T11:33:04","guid":{"rendered":"http:\/\/sinopsi.cat\/politica-de-privacitat-i-proteccio-de-dades\/"},"modified":"2023-12-14T16:53:22","modified_gmt":"2023-12-14T15:53:22","slug":"politica-de-privacidad-y-proteccion-de-datos","status":"publish","type":"page","link":"https:\/\/sinopsi.cat\/es\/politica-de-privacidad-y-proteccion-de-datos\/","title":{"rendered":"Pol\u00edtica de privacidad y protecci\u00f3n de datos"},"content":{"rendered":"\t\t<div data-elementor-type=\"wp-page\" data-elementor-id=\"1175\" class=\"elementor elementor-1175 elementor-1173\" data-elementor-post-type=\"page\">\n\t\t\t\t\t\t\t<div class=\"elementor-element elementor-element-71a5b1a e-flex e-con-boxed e-con e-parent\" data-id=\"71a5b1a\" data-element_type=\"container\" data-settings=\"{&quot;jet_parallax_layout_list&quot;:[],&quot;container_type&quot;:&quot;flex&quot;,&quot;content_width&quot;:&quot;boxed&quot;}\" data-core-v316-plus=\"true\">\n\t\t\t\t\t<div class=\"e-con-inner\">\n\t\t\t\t<div class=\"elementor-element elementor-element-37323f6 elementor-widget elementor-widget-text-editor\" data-id=\"37323f6\" data-element_type=\"widget\" data-widget_type=\"text-editor.default\">\n\t\t\t\t<div class=\"elementor-widget-container\">\n\t\t\t<style>\/*! elementor - v3.18.0 - 20-12-2023 *\/\n.elementor-widget-text-editor.elementor-drop-cap-view-stacked .elementor-drop-cap{background-color:#69727d;color:#fff}.elementor-widget-text-editor.elementor-drop-cap-view-framed .elementor-drop-cap{color:#69727d;border:3px solid;background-color:transparent}.elementor-widget-text-editor:not(.elementor-drop-cap-view-default) .elementor-drop-cap{margin-top:8px}.elementor-widget-text-editor:not(.elementor-drop-cap-view-default) .elementor-drop-cap-letter{width:1em;height:1em}.elementor-widget-text-editor .elementor-drop-cap{float:left;text-align:center;line-height:1;font-size:50px}.elementor-widget-text-editor .elementor-drop-cap-letter{display:inline-block}<\/style>\t\t\t\t<p><strong>Datos relativos al Responsable Responsable de Tratamiento<\/strong><\/p><p><strong>Empresa<\/strong>: Montserrat Castro Balasch \u2013 47639006A<br \/><strong>Direcci\u00f3n<\/strong>: Pla\u00e7a Soler i Carbonel 28, planta 2, local 16, 08800 Vilanova i la Geltr\u00fa<br \/><strong>Contacto<\/strong>: info@sinopsi.cat \/ 644208463<\/p><p><strong>Finalidades<\/strong><\/p><p>En cumplimiento de lo dispuesto en el Reglamento Europeo 2016\/679 General de Protecci\u00f3n de Datos, le informamos de que, dependiendo de la relaci\u00f3n que tenga con nosotros, en Montserrat Castro Balasch tratamos los datos que nos facilita para alguna, o todas, las siguientes finalidades:<\/p><p>\u2022 Archivo historial de voluntarios de la entidad<br \/>\u2022 Mantenimiento de la relaci\u00f3n con la entidad<br \/>\u2022 Monitorizaci\u00f3n o evaluaci\u00f3n sistem\u00e1tica y exhaustiva de aspectos personales<br \/>\u2022 Obtenci\u00f3n, desarrollo y almacenamiento del historial cl\u00ednico del paciente<br \/>\u2022 Otras actividades desarrolladas por la entidad<br \/>\u2022 Para fines estad\u00edsticos, hist\u00f3ricos o de investigaci\u00f3n cient\u00edfica<br \/>\u2022 Prestarles un Servicio<br \/>\u2022 Realizaci\u00f3n de encuestas de satisfacci\u00f3n<br \/>\u2022 Realizaci\u00f3n de tratamientos sanitarios<br \/>\u2022 Realizar un proceso de selecci\u00f3n de personal en funci\u00f3n de las capacidades, aptitudes y otros datos de inter\u00e9s incluidos en el curr\u00edculum<\/p><p><strong>Plazo de conservaci\u00f3n de los datos<\/strong><\/p><p>Sus datos ser\u00e1n conservados mientras dure la relaci\u00f3n contractual, comercial o de otro tipo con nuestra entidad, solicite su supresi\u00f3n, as\u00ed como el tiempo necesario para cumplir las obligaciones legales.<\/p><p><strong>Legitimaci\u00f3n<\/strong><\/p><p>La base legal para el tratamiento de tus datos radica por:<\/p><p>Consentimiento inequ\u00edvoco<br \/>Inter\u00e9s leg\u00edtimo por parte del responsable del tratamiento<br \/>Proteger el interes vital de un afectado<\/p><p><strong>Destinatarios<\/strong><\/p><p><strong>Sus datos personales ser\u00e1n comunicados a terceros en los siguientes supuestos:<\/strong><\/p><p>\u2022 A otros responsables del tratamiento<br \/>\u2022 Entidades del \u00e1mbito sanitario<br \/>\u2022 Tutores legales del afectado<\/p><p><strong>Derechos<\/strong><\/p><p>Tiene derecho a obtener confirmaci\u00f3n sobre si en Montserrat Castro Balasch estamos tratando datos personales que le conciernan, o no.<\/p><p>Asimismo, tiene derecho de acceso a sus datos personales, as\u00ed como a solicitar la rectificaci\u00f3n de los datos inexactos o, en su caso, solicitar su supresi\u00f3ncuando, entre otros motivos, los datos ya no sean necesarios para los fines que fueron recogidos.<\/p><p>En determinadas circunstancias, podr\u00e1 solicitar la limitaci\u00f3n del tratamiento de sus datos, en cuyo caso \u00fanicamente los conservaremos para el ejercicio o la defensa de reclamaciones.<\/p><p>Adicionalmente, en determinadas circunstancias y por motivos relacionados con tu situaci\u00f3n particular, podr\u00e1 ejercer el derecho de oposici\u00f3n al tratamiento de sus datos. Montserrat Castro Balasch dejar\u00e1 de tratar los datos, salvo por motivos leg\u00edtimos imperiosos, o el ejercicio o la defensa de posibles reclamaciones.<\/p><p>Asimismo, puede ejercer el derecho a la portabilidad de los datos, as\u00ed como retirar los consentimientos facilitados en cualquier momento, sin que ello afecte a la licitud del tratamiento basado en el consentimiento previo a su retirada.<\/p><p><strong>Si desea hacer uso de cualquiera de tus derechos puede realizarlos:<\/strong><\/p><p>\u2022 Para ejercer su derecho de Acceso escribe a info@sinopsi.cat<br \/>\u2022 Para ejercer su derecho de Rectificaci\u00f3n escribe a info@sinopsi.cat<br \/>\u2022 Para ejercer su derecho de Supresi\u00f3n (Olvido) escribe a info@sinopsi.cat<br \/>\u2022 Para ejercer su derecho de Limitaci\u00f3n del Tratamiento escribe a info@sinopsi.cat<br \/>\u2022 Para ejercer su derecho de Oposici\u00f3n escribe a info@sinopsi.cat<br \/>\u2022 Para ejercer su derecho de Portabilidad escribe a info@sinopsi.cat<\/p><p>Alternativamente, tambi\u00e9n puede dirigirse a nosotros mediante correo postal a la siguiente direcci\u00f3n: Pla\u00e7a Soler i Carbonell 28, planta 2, local 16, 08800 Vilanova i la Geltr\u00fa adjuntado una fotocopia del DNI, para la certeza de su identidad. Recuerde facilitar la mayor informaci\u00f3n posible sobre su solicitud: Nombre y apellidos, direcci\u00f3n de correo electr\u00f3nico que utiliza para la cuenta o portal objeto de tu solicitud.<\/p><p>Por \u00faltimo, le informamos que puede dirigirse ante la Agencia Espa\u00f1ola de Protecci\u00f3n de Datos y dem\u00e1s organismos p\u00fablicos competentes para cualquier reclamaci\u00f3n derivada del tratamiento de tus datos personales.<\/p><p><strong>Cl\u00e1usula para formularios<\/strong><\/p><p>En caso de que Montserrat Castro Balasch disponga de formularios, la identificaci\u00f3n del usuario es plena, ya que es el propio usuario el que, voluntariamente, introduce sus datos en nuestros formularios.<\/p><p>La informaci\u00f3n facilitada por el usuario ser\u00e1 utilizada por Montserrat Castro Balasch exclusivamente para las finalidades que se informen en cada caso.<br \/>Cada uno de nuestros formularios incluye una cl\u00e1usula espec\u00edfica de privacidad para la que el usuario dar\u00e1 voluntariamente su consentimiento al tratamiento automatizado de los datos facilitados.<\/p><p>Montserrat Castro Balasch ser\u00e1 la entidad responsable del fichero generado con los datos de car\u00e1cter personal suministrados por los usuarios de su sitio web en los formularios. De acuerdo con la Ley Org\u00e1nica 15\/1999 de 13 de diciembre de Protecci\u00f3n de Datos de car\u00e1cter personal, Montserrat Castro Balasch se compromete al cumplimiento de su obligaci\u00f3n de secreto respecto a los datos de car\u00e1cter personal y al deber de tratarlos con confidencialidad. A estos efectos, adoptar\u00e1 las medidas necesarias para evitar su alteraci\u00f3n, p\u00e9rdida, tratamiento o acceso no autorizado.<\/p><p>Los datos personales recogidos no ser\u00e1n cedidos a terceros sin su consentimiento expreso.<\/p><p><strong>Pol\u00edtica de cookies<\/strong><\/p><p>Para conocer las cookies que utilizamos en nuestra p\u00e1gina, recuerde que puede acceder a nuestra Pol\u00edtica de Cookies a trav\u00e9s del siguiente enlace pol\u00edtica de cookies.<\/p>\t\t\t\t\t\t<\/div>\n\t\t\t\t<\/div>\n\t\t\t\t\t<\/div>\n\t\t\t\t<\/div>\n\t\t\t\t\t\t\t<\/div>\n\t\t","protected":false},"excerpt":{"rendered":"<p>Datos relativos al Responsable Responsable de Tratamiento Empresa: Montserrat Castro Balasch \u2013 47639006ADirecci\u00f3n: Pla\u00e7a Soler i Carbonel 28, planta 2, local 16, 08800 Vilanova i la Geltr\u00faContacto: info@sinopsi.cat \/ 644208463 Finalidades En cumplimiento de lo dispuesto en el Reglamento Europeo 2016\/679 General de Protecci\u00f3n de Datos, le informamos de que, dependiendo de la relaci\u00f3n que [&hellip;]<\/p>\n","protected":false},"author":1,"featured_media":0,"parent":0,"menu_order":13,"comment_status":"closed","ping_status":"closed","template":"","meta":{"footnotes":""},"class_list":["post-1175","page","type-page","status-publish","hentry"],"_links":{"self":[{"href":"https:\/\/sinopsi.cat\/es\/wp-json\/wp\/v2\/pages\/1175","targetHints":{"allow":["GET"]}}],"collection":[{"href":"https:\/\/sinopsi.cat\/es\/wp-json\/wp\/v2\/pages"}],"about":[{"href":"https:\/\/sinopsi.cat\/es\/wp-json\/wp\/v2\/types\/page"}],"author":[{"embeddable":true,"href":"https:\/\/sinopsi.cat\/es\/wp-json\/wp\/v2\/users\/1"}],"replies":[{"embeddable":true,"href":"https:\/\/sinopsi.cat\/es\/wp-json\/wp\/v2\/comments?post=1175"}],"version-history":[{"count":7,"href":"https:\/\/sinopsi.cat\/es\/wp-json\/wp\/v2\/pages\/1175\/revisions"}],"predecessor-version":[{"id":1632,"href":"https:\/\/sinopsi.cat\/es\/wp-json\/wp\/v2\/pages\/1175\/revisions\/1632"}],"wp:attachment":[{"href":"https:\/\/sinopsi.cat\/es\/wp-json\/wp\/v2\/media?parent=1175"}],"curies":[{"name":"wp","href":"https:\/\/api.w.org\/{rel}","templated":true}]}}