{"id":1184,"date":"2023-12-09T12:34:06","date_gmt":"2023-12-09T11:34:06","guid":{"rendered":"http:\/\/sinopsi.cat\/accessibilitat\/"},"modified":"2023-12-14T17:44:53","modified_gmt":"2023-12-14T16:44:53","slug":"accesibilidad","status":"publish","type":"page","link":"https:\/\/sinopsi.cat\/es\/accesibilidad\/","title":{"rendered":"Accesibilidad"},"content":{"rendered":"\t\t<div data-elementor-type=\"wp-page\" data-elementor-id=\"1184\" class=\"elementor elementor-1184 elementor-1182\" data-elementor-post-type=\"page\">\n\t\t\t\t\t\t\t<div class=\"elementor-element elementor-element-d346db2 e-flex e-con-boxed e-con e-parent\" data-id=\"d346db2\" data-element_type=\"container\" data-settings=\"{&quot;jet_parallax_layout_list&quot;:[],&quot;container_type&quot;:&quot;flex&quot;,&quot;content_width&quot;:&quot;boxed&quot;}\" data-core-v316-plus=\"true\">\n\t\t\t\t\t<div class=\"e-con-inner\">\n\t\t\t\t<div class=\"elementor-element elementor-element-63e293f elementor-widget elementor-widget-text-editor\" data-id=\"63e293f\" data-element_type=\"widget\" data-widget_type=\"text-editor.default\">\n\t\t\t\t<div class=\"elementor-widget-container\">\n\t\t\t<style>\/*! elementor - v3.18.0 - 20-12-2023 *\/\n.elementor-widget-text-editor.elementor-drop-cap-view-stacked .elementor-drop-cap{background-color:#69727d;color:#fff}.elementor-widget-text-editor.elementor-drop-cap-view-framed .elementor-drop-cap{color:#69727d;border:3px solid;background-color:transparent}.elementor-widget-text-editor:not(.elementor-drop-cap-view-default) .elementor-drop-cap{margin-top:8px}.elementor-widget-text-editor:not(.elementor-drop-cap-view-default) .elementor-drop-cap-letter{width:1em;height:1em}.elementor-widget-text-editor .elementor-drop-cap{float:left;text-align:center;line-height:1;font-size:50px}.elementor-widget-text-editor .elementor-drop-cap-letter{display:inline-block}<\/style>\t\t\t\t<p><strong>DECLARACI\u00d3N DE ACCESIBILIDAD<\/strong><\/p><p>Montse Castro se compromete a hacer que su sitio web, sinopsi.cat, sea accesible para todos los usuarios, incluyendo personas con discapacidades. Estamos comprometidos a garantizar que nuestro sitio web cumpla con las pautas de accesibilidad web de nivel AA de la WCAG 2.1.<\/p><p><strong>SITUACI\u00d3N DE CUMPLIMIENTO<\/strong><\/p><p>Las Pautas de Accesibilidad para el Contenido Web (WCAG) definen los requisitos para dise\u00f1adores y desarrolladores con el fin de mejorar la accesibilidad para personas con discapacidades. Se definen tres niveles de conformidad: Nivel A, Nivel AA y Nivel AAA. organicsoul.es cumple parcialmente con WCAG 2.1 Nivel AA. Parcialmente conforme significa que algunas partes del contenido no cumplen completamente con el est\u00e1ndar de accesibilidad.<\/p><p><strong>CONTENIDO NO ACCESIBLE<\/strong><\/p><p>Podr\u00edan existir documentos ofim\u00e1ticos en PDF y otros formatos que no cumplan en su totalidad los requisitos de accesibilidad. Se pueden solicitar los documentos completamente accesibles desde el formulario de contacto.<\/p><p>Podr\u00edan existir errores de c\u00f3digo puntuales de edici\u00f3n en alguna p\u00e1gina web.<\/p><p><strong>FEEDBACK<\/strong><\/p><p>Estamos comprometidos a seguir mejorando la accesibilidad de nuestro sitio web para garantizar que sea accesible para todos. Si tienes alguna pregunta o sugerencia, por favor cont\u00e1ctanos.<\/p><p>Firma: Montse Castro<br \/>Fecha: 10 de septiembre\u00a0 de 2023<\/p>\t\t\t\t\t\t<\/div>\n\t\t\t\t<\/div>\n\t\t\t\t\t<\/div>\n\t\t\t\t<\/div>\n\t\t\t\t\t\t\t<\/div>\n\t\t","protected":false},"excerpt":{"rendered":"<p>DECLARACI\u00d3N DE ACCESIBILIDAD Montse Castro se compromete a hacer que su sitio web, sinopsi.cat, sea accesible para todos los usuarios, incluyendo personas con discapacidades. Estamos comprometidos a garantizar que nuestro sitio web cumpla con las pautas de accesibilidad web de nivel AA de la WCAG 2.1. SITUACI\u00d3N DE CUMPLIMIENTO Las Pautas de Accesibilidad para el [&hellip;]<\/p>\n","protected":false},"author":1,"featured_media":0,"parent":0,"menu_order":16,"comment_status":"closed","ping_status":"closed","template":"","meta":{"footnotes":""},"class_list":["post-1184","page","type-page","status-publish","hentry"],"_links":{"self":[{"href":"https:\/\/sinopsi.cat\/es\/wp-json\/wp\/v2\/pages\/1184","targetHints":{"allow":["GET"]}}],"collection":[{"href":"https:\/\/sinopsi.cat\/es\/wp-json\/wp\/v2\/pages"}],"about":[{"href":"https:\/\/sinopsi.cat\/es\/wp-json\/wp\/v2\/types\/page"}],"author":[{"embeddable":true,"href":"https:\/\/sinopsi.cat\/es\/wp-json\/wp\/v2\/users\/1"}],"replies":[{"embeddable":true,"href":"https:\/\/sinopsi.cat\/es\/wp-json\/wp\/v2\/comments?post=1184"}],"version-history":[{"count":10,"href":"https:\/\/sinopsi.cat\/es\/wp-json\/wp\/v2\/pages\/1184\/revisions"}],"predecessor-version":[{"id":1658,"href":"https:\/\/sinopsi.cat\/es\/wp-json\/wp\/v2\/pages\/1184\/revisions\/1658"}],"wp:attachment":[{"href":"https:\/\/sinopsi.cat\/es\/wp-json\/wp\/v2\/media?parent=1184"}],"curies":[{"name":"wp","href":"https:\/\/api.w.org\/{rel}","templated":true}]}}